{"id":11,"date":"2013-03-14T18:29:44","date_gmt":"2013-03-14T16:29:44","guid":{"rendered":"http:\/\/backstage.sn-internet.de\/Reitverein-Stadthagen\/?page_id=11"},"modified":"2026-01-06T11:28:13","modified_gmt":"2026-01-06T09:28:13","slug":"willkommen","status":"publish","type":"page","link":"https:\/\/www.reitverein-stadthagen.de\/","title":{"rendered":"Herzlich Willkommen"},"content":{"rendered":"\n<p><strong>Pferdesport mit Leidenschaft<\/strong> <\/p>\n\n\n\n<p>Der Reit-, Zucht- und Fahrverein Stadthagen e.V. steht seit 1948 f\u00fcr Pferdesport, engagierte Jugendarbeit und ein lebendiges Vereinsleben. Bei uns treffen sportlicher Anspruch, Freude am Reiten und ein respektvoller Umgang mit dem Partner Pferd aufeinander.<\/p>\n\n\n\n<p><\/p>\n\n\n\n<p><\/p>\n\n\n\n<h2 class=\"wp-block-heading\">\u00dcBER UNS&nbsp;<\/h2>\n\n\n\n<h3 class=\"wp-block-heading\">Der RZFV Stadthagen e.V.<\/h3>\n\n\n\n<p>Der Reit-, Zucht- und Fahrverein Stadthagen e.V. ist ein traditionsreicher Verein mit einem klaren Blick in die Zukunft. Unser Ziel ist es, den Pferdesport in all seinen Facetten zu f\u00f6rdern und dabei Werte wie Fairness, Respekt und Zusammenhalt zu leben.<\/p>\n\n\n\n<p>Unser Vereinsgel\u00e4nde bietet optimale Bedingungen f\u00fcr Training, Ausbildung und Veranstaltungen. Dabei steht stets das Wohl der Pferde ebenso im Mittelpunkt wie die Freude unserer Mitglieder am Sport.<\/p>\n\n\n\n<p><\/p>\n\n\n\n<p><\/p>\n\n\n\n<h2 class=\"wp-block-heading\">VORSTAND &amp; EHRENAMT<\/h2>\n\n\n\n<h3 class=\"wp-block-heading\">Engagement mit Herz<\/h3>\n\n\n\n<p>Unser Verein lebt vom Einsatz vieler ehrenamtlicher Helferinnen und Helfer. Der Vorstand des RZFV Stadthagen arbeitet engagiert daran, den Verein weiterzuentwickeln und ein attraktives Angebot f\u00fcr alle Mitglieder zu schaffen.<\/p>\n\n\n\n<p><\/p>\n\n\n\n<p><\/p>\n\n\n\n<h2 class=\"wp-block-heading\">TURNIERE &amp; VERANSTALTUNGEN<\/h2>\n\n\n\n<h3 class=\"wp-block-heading\">Sportliche Highlights<\/h3>\n\n\n\n<p>Der RZFV Stadthagen richtet regelm\u00e4\u00dfig Turniere, Lehrg\u00e4nge und Vereinsveranstaltungen aus. Diese Events sind sportliche H\u00f6hepunkte und Treffpunkte f\u00fcr Mitglieder, Freunde und G\u00e4ste.<\/p>\n\n\n\n<p class=\"has-text-align-center\">&nbsp;<\/p>\n\n\n\n<p class=\"has-text-align-center\">&nbsp;<\/p>\n\n\n<div class=\"wp-block-image\">\n<figure class=\"aligncenter\"><img loading=\"lazy\" decoding=\"async\" width=\"188\" height=\"218\" src=\"http:\/\/www.reitverein-stadthagen.de\/wp-content\/uploads\/2016\/05\/Logo.jpg\" alt=\"Logo\" class=\"wp-image-1490\"\/><\/figure>\n<\/div>\n\n\n<p class=\"has-text-align-center\"><em><\/em><\/p>\n\n\n\n<figure class=\"wp-block-gallery has-nested-images columns-default is-cropped wp-block-gallery-1 is-layout-flex wp-block-gallery-is-layout-flex\">\n<figure class=\"wp-block-image size-large\"><img loading=\"lazy\" decoding=\"async\" width=\"1024\" height=\"769\" data-id=\"2487\" src=\"https:\/\/www.reitverein-stadthagen.de\/wp-content\/uploads\/2026\/01\/IMG_2996-1024x769.jpg\" alt=\"\" class=\"wp-image-2487\" srcset=\"https:\/\/www.reitverein-stadthagen.de\/wp-content\/uploads\/2026\/01\/IMG_2996-1024x769.jpg 1024w, https:\/\/www.reitverein-stadthagen.de\/wp-content\/uploads\/2026\/01\/IMG_2996-300x225.jpg 300w, https:\/\/www.reitverein-stadthagen.de\/wp-content\/uploads\/2026\/01\/IMG_2996-768x577.jpg 768w, https:\/\/www.reitverein-stadthagen.de\/wp-content\/uploads\/2026\/01\/IMG_2996-1536x1154.jpg 1536w, https:\/\/www.reitverein-stadthagen.de\/wp-content\/uploads\/2026\/01\/IMG_2996-2048x1539.jpg 2048w\" sizes=\"auto, (max-width: 1024px) 100vw, 1024px\" \/><\/figure>\n\n\n\n<figure class=\"wp-block-image size-large\"><img loading=\"lazy\" decoding=\"async\" width=\"1024\" height=\"769\" data-id=\"2489\" src=\"https:\/\/www.reitverein-stadthagen.de\/wp-content\/uploads\/2026\/01\/IMG_3008-1024x769.jpg\" alt=\"\" class=\"wp-image-2489\" srcset=\"https:\/\/www.reitverein-stadthagen.de\/wp-content\/uploads\/2026\/01\/IMG_3008-1024x769.jpg 1024w, https:\/\/www.reitverein-stadthagen.de\/wp-content\/uploads\/2026\/01\/IMG_3008-300x225.jpg 300w, https:\/\/www.reitverein-stadthagen.de\/wp-content\/uploads\/2026\/01\/IMG_3008-768x577.jpg 768w, https:\/\/www.reitverein-stadthagen.de\/wp-content\/uploads\/2026\/01\/IMG_3008-1536x1154.jpg 1536w, https:\/\/www.reitverein-stadthagen.de\/wp-content\/uploads\/2026\/01\/IMG_3008-2048x1539.jpg 2048w\" sizes=\"auto, (max-width: 1024px) 100vw, 1024px\" \/><\/figure>\n\n\n\n<figure class=\"wp-block-image size-large\"><img loading=\"lazy\" decoding=\"async\" width=\"1024\" height=\"701\" data-id=\"2495\" src=\"https:\/\/www.reitverein-stadthagen.de\/wp-content\/uploads\/2026\/01\/IMG_3004-1024x701.jpg\" alt=\"\" class=\"wp-image-2495\" srcset=\"https:\/\/www.reitverein-stadthagen.de\/wp-content\/uploads\/2026\/01\/IMG_3004-1024x701.jpg 1024w, https:\/\/www.reitverein-stadthagen.de\/wp-content\/uploads\/2026\/01\/IMG_3004-300x205.jpg 300w, https:\/\/www.reitverein-stadthagen.de\/wp-content\/uploads\/2026\/01\/IMG_3004-768x526.jpg 768w, https:\/\/www.reitverein-stadthagen.de\/wp-content\/uploads\/2026\/01\/IMG_3004-1536x1051.jpg 1536w, https:\/\/www.reitverein-stadthagen.de\/wp-content\/uploads\/2026\/01\/IMG_3004-2048x1402.jpg 2048w, https:\/\/www.reitverein-stadthagen.de\/wp-content\/uploads\/2026\/01\/IMG_3004-1200x821.jpg 1200w, https:\/\/www.reitverein-stadthagen.de\/wp-content\/uploads\/2026\/01\/IMG_3004-1980x1355.jpg 1980w\" sizes=\"auto, (max-width: 1024px) 100vw, 1024px\" \/><\/figure>\n\n\n\n<figure class=\"wp-block-image size-large\"><img loading=\"lazy\" decoding=\"async\" width=\"1024\" height=\"769\" data-id=\"2488\" src=\"https:\/\/www.reitverein-stadthagen.de\/wp-content\/uploads\/2026\/01\/IMG_3013-1024x769.jpg\" alt=\"\" class=\"wp-image-2488\" srcset=\"https:\/\/www.reitverein-stadthagen.de\/wp-content\/uploads\/2026\/01\/IMG_3013-1024x769.jpg 1024w, https:\/\/www.reitverein-stadthagen.de\/wp-content\/uploads\/2026\/01\/IMG_3013-300x225.jpg 300w, https:\/\/www.reitverein-stadthagen.de\/wp-content\/uploads\/2026\/01\/IMG_3013-768x577.jpg 768w, https:\/\/www.reitverein-stadthagen.de\/wp-content\/uploads\/2026\/01\/IMG_3013-1536x1154.jpg 1536w, https:\/\/www.reitverein-stadthagen.de\/wp-content\/uploads\/2026\/01\/IMG_3013-2048x1539.jpg 2048w\" sizes=\"auto, (max-width: 1024px) 100vw, 1024px\" \/><\/figure>\n\n\n\n<figure class=\"wp-block-image size-large\"><img loading=\"lazy\" decoding=\"async\" width=\"1024\" height=\"769\" data-id=\"2496\" src=\"https:\/\/www.reitverein-stadthagen.de\/wp-content\/uploads\/2026\/01\/IMG_2998-1024x769.jpg\" alt=\"\" class=\"wp-image-2496\" srcset=\"https:\/\/www.reitverein-stadthagen.de\/wp-content\/uploads\/2026\/01\/IMG_2998-1024x769.jpg 1024w, https:\/\/www.reitverein-stadthagen.de\/wp-content\/uploads\/2026\/01\/IMG_2998-300x225.jpg 300w, https:\/\/www.reitverein-stadthagen.de\/wp-content\/uploads\/2026\/01\/IMG_2998-768x577.jpg 768w, https:\/\/www.reitverein-stadthagen.de\/wp-content\/uploads\/2026\/01\/IMG_2998-1536x1154.jpg 1536w, https:\/\/www.reitverein-stadthagen.de\/wp-content\/uploads\/2026\/01\/IMG_2998-2048x1539.jpg 2048w, https:\/\/www.reitverein-stadthagen.de\/wp-content\/uploads\/2026\/01\/IMG_2998-1200x902.jpg 1200w, https:\/\/www.reitverein-stadthagen.de\/wp-content\/uploads\/2026\/01\/IMG_2998-1980x1488.jpg 1980w\" sizes=\"auto, (max-width: 1024px) 100vw, 1024px\" \/><\/figure>\n\n\n\n<figure class=\"wp-block-image size-large is-style-default\"><img loading=\"lazy\" decoding=\"async\" width=\"1024\" height=\"769\" data-id=\"2493\" src=\"https:\/\/www.reitverein-stadthagen.de\/wp-content\/uploads\/2026\/01\/IMG_3010-1024x769.jpg\" alt=\"\" class=\"wp-image-2493\" srcset=\"https:\/\/www.reitverein-stadthagen.de\/wp-content\/uploads\/2026\/01\/IMG_3010-1024x769.jpg 1024w, https:\/\/www.reitverein-stadthagen.de\/wp-content\/uploads\/2026\/01\/IMG_3010-300x225.jpg 300w, https:\/\/www.reitverein-stadthagen.de\/wp-content\/uploads\/2026\/01\/IMG_3010-768x577.jpg 768w, https:\/\/www.reitverein-stadthagen.de\/wp-content\/uploads\/2026\/01\/IMG_3010-1536x1154.jpg 1536w, https:\/\/www.reitverein-stadthagen.de\/wp-content\/uploads\/2026\/01\/IMG_3010-2048x1539.jpg 2048w, https:\/\/www.reitverein-stadthagen.de\/wp-content\/uploads\/2026\/01\/IMG_3010-1200x902.jpg 1200w, https:\/\/www.reitverein-stadthagen.de\/wp-content\/uploads\/2026\/01\/IMG_3010-1980x1488.jpg 1980w\" sizes=\"auto, (max-width: 1024px) 100vw, 1024px\" \/><\/figure>\n<\/figure>\n\n\n\n<p><\/p>\n","protected":false},"excerpt":{"rendered":"<p>Pferdesport mit Leidenschaft Der Reit-, Zucht- und Fahrverein Stadthagen e.V. steht seit 1948 f\u00fcr Pferdesport, engagierte Jugendarbeit und ein lebendiges Vereinsleben. Bei uns treffen sportlicher Anspruch, Freude am Reiten und ein respektvoller Umgang mit dem Partner Pferd aufeinander. \u00dcBER UNS&nbsp; Der RZFV Stadthagen e.V. Der Reit-, Zucht- und Fahrverein Stadthagen e.V. ist ein traditionsreicher Verein [&hellip;]<\/p>\n","protected":false},"author":1,"featured_media":2498,"parent":0,"menu_order":1,"comment_status":"closed","ping_status":"closed","template":"template-submenu_children.php","meta":{"ngg_post_thumbnail":0,"footnotes":""},"class_list":["post-11","page","type-page","status-publish","has-post-thumbnail","hentry"],"_links":{"self":[{"href":"https:\/\/www.reitverein-stadthagen.de\/index.php?rest_route=\/wp\/v2\/pages\/11","targetHints":{"allow":["GET"]}}],"collection":[{"href":"https:\/\/www.reitverein-stadthagen.de\/index.php?rest_route=\/wp\/v2\/pages"}],"about":[{"href":"https:\/\/www.reitverein-stadthagen.de\/index.php?rest_route=\/wp\/v2\/types\/page"}],"author":[{"embeddable":true,"href":"https:\/\/www.reitverein-stadthagen.de\/index.php?rest_route=\/wp\/v2\/users\/1"}],"replies":[{"embeddable":true,"href":"https:\/\/www.reitverein-stadthagen.de\/index.php?rest_route=%2Fwp%2Fv2%2Fcomments&post=11"}],"version-history":[{"count":103,"href":"https:\/\/www.reitverein-stadthagen.de\/index.php?rest_route=\/wp\/v2\/pages\/11\/revisions"}],"predecessor-version":[{"id":2515,"href":"https:\/\/www.reitverein-stadthagen.de\/index.php?rest_route=\/wp\/v2\/pages\/11\/revisions\/2515"}],"wp:featuredmedia":[{"embeddable":true,"href":"https:\/\/www.reitverein-stadthagen.de\/index.php?rest_route=\/wp\/v2\/media\/2498"}],"wp:attachment":[{"href":"https:\/\/www.reitverein-stadthagen.de\/index.php?rest_route=%2Fwp%2Fv2%2Fmedia&parent=11"}],"curies":[{"name":"wp","href":"https:\/\/api.w.org\/{rel}","templated":true}]}}