{"id":2135,"date":"2020-07-16T21:58:30","date_gmt":"2020-07-16T19:58:30","guid":{"rendered":"https:\/\/www.reitverein-stadthagen.de\/?page_id=2135"},"modified":"2026-01-06T11:31:29","modified_gmt":"2026-01-06T09:31:29","slug":"anlagennutzung-2","status":"publish","type":"page","link":"https:\/\/www.reitverein-stadthagen.de\/?page_id=2135","title":{"rendered":"Anlagennutzung"},"content":{"rendered":"<p>Liebe externe Anlagennutzer,<\/p>\n<p>damit die Halle und die Au\u00dfenpl\u00e4tze den gewohnt gepflegten Zustand aufweisen, ist einiger Aufwand n\u00f6tig. Es muss geschleppt und gew\u00e4ssert werden, die dazu n\u00f6tigen Ger\u00e4te m\u00fcssen Instand gehalten werden, und auch unser Parcours bekommt regelm\u00e4\u00dfig einen neuen Anstrich.<\/p>\n<p>Dies alles verursacht nicht nur Arbeit, sondern auch Kosten. Aus diesem Grund gelten ab dem 01.06.2025 folgende Anlagennutzungsgeb\u00fchren:<\/p>\n<p><em><strong>Zahlung pro Nutzung\/Pferd 5,-\u20ac Vereinsmitglieder\/ 10,-\u20ac &nbsp;Nichtmitglieder<\/strong><\/em><\/p>\n<p><em><strong>Zahlung pro Monat 40,-\u20ac (nur f\u00fcr Mitglieder)<\/strong><\/em><\/p>\n<p><em><strong>Zahlung pro Jahr 250,-\u20ac (nur f\u00fcr Mitglieder)<\/strong><\/em><\/p>\n<p>Des Weiteren gilt f\u00fcr alle folgende Reitordnung:<\/p>\n<p><a href=\"https:\/\/www.reitverein-stadthagen.de\/wp-content\/uploads\/2021\/01\/Reitordnung.pdf\">Reitordnung<\/a><\/p>\n<p>Der Vorstand<\/p>\n","protected":false},"excerpt":{"rendered":"<p>Liebe externe Anlagennutzer, damit die Halle und die Au\u00dfenpl\u00e4tze den gewohnt gepflegten Zustand aufweisen, ist einiger Aufwand n\u00f6tig. Es muss geschleppt und gew\u00e4ssert werden, die dazu n\u00f6tigen Ger\u00e4te m\u00fcssen Instand gehalten werden, und auch unser Parcours bekommt regelm\u00e4\u00dfig einen neuen Anstrich. Dies alles verursacht nicht nur Arbeit, sondern auch Kosten. Aus diesem Grund gelten ab [&hellip;]<\/p>\n","protected":false},"author":5,"featured_media":2489,"parent":19,"menu_order":0,"comment_status":"closed","ping_status":"closed","template":"","meta":{"ngg_post_thumbnail":0,"footnotes":""},"class_list":["post-2135","page","type-page","status-publish","has-post-thumbnail","hentry"],"_links":{"self":[{"href":"https:\/\/www.reitverein-stadthagen.de\/index.php?rest_route=\/wp\/v2\/pages\/2135","targetHints":{"allow":["GET"]}}],"collection":[{"href":"https:\/\/www.reitverein-stadthagen.de\/index.php?rest_route=\/wp\/v2\/pages"}],"about":[{"href":"https:\/\/www.reitverein-stadthagen.de\/index.php?rest_route=\/wp\/v2\/types\/page"}],"author":[{"embeddable":true,"href":"https:\/\/www.reitverein-stadthagen.de\/index.php?rest_route=\/wp\/v2\/users\/5"}],"replies":[{"embeddable":true,"href":"https:\/\/www.reitverein-stadthagen.de\/index.php?rest_route=%2Fwp%2Fv2%2Fcomments&post=2135"}],"version-history":[{"count":9,"href":"https:\/\/www.reitverein-stadthagen.de\/index.php?rest_route=\/wp\/v2\/pages\/2135\/revisions"}],"predecessor-version":[{"id":2513,"href":"https:\/\/www.reitverein-stadthagen.de\/index.php?rest_route=\/wp\/v2\/pages\/2135\/revisions\/2513"}],"up":[{"embeddable":true,"href":"https:\/\/www.reitverein-stadthagen.de\/index.php?rest_route=\/wp\/v2\/pages\/19"}],"wp:featuredmedia":[{"embeddable":true,"href":"https:\/\/www.reitverein-stadthagen.de\/index.php?rest_route=\/wp\/v2\/media\/2489"}],"wp:attachment":[{"href":"https:\/\/www.reitverein-stadthagen.de\/index.php?rest_route=%2Fwp%2Fv2%2Fmedia&parent=2135"}],"curies":[{"name":"wp","href":"https:\/\/api.w.org\/{rel}","templated":true}]}}