{"id":851,"date":"2014-05-04T10:37:30","date_gmt":"2014-05-04T08:37:30","guid":{"rendered":"http:\/\/www.reitverein-stadthagen.de\/?page_id=851"},"modified":"2026-01-06T11:29:53","modified_gmt":"2026-01-06T09:29:53","slug":"vermietung-von-pferdeboxen","status":"publish","type":"page","link":"https:\/\/www.reitverein-stadthagen.de\/?page_id=851","title":{"rendered":"Pferdepension"},"content":{"rendered":"<p>Wir bieten:<br \/>\n\u25cf ger\u00e4umige Au\u00dfenboxen mit Fenster<br \/>\n\u25cf Vollpension<br \/>\n\u25cf t\u00e4glich zwei Raufuttermahlzeiten (Heu)<br \/>\n\u25cf t\u00e4glich zwei Kraftfuttergaben (Hafer und\/oder M\u00fcsli)<br \/>\n\u25cf an Werktagen wird gemistet und eingestreut, am Wochenende nur eingestreut<br \/>\n\u25cf Reithalle (20 m x 40 m) direkt an den Stallungen<br \/>\n\u25cf Waschbox und Au\u00dfenwaschplatz<br \/>\n\u25cf gro\u00dfz\u00fcgiges Reitgel\u00e4nde mit Dressur- und Springplatz<br \/>\n\u25cf befestigte Sandpaddocks und hofeigene Weiden<br \/>\n\u25cf Reiterst\u00fcbchen mit Bewirtung (Mittwoch von 17.30 &#8211; 21 Uhr)<br \/>\n\u25cf viel freie Reitzeit<\/p>\n<p>Bei Interesse oder Fragen: reitsportalacarte@gmail.com<\/p>\n<p><a href=\"http:\/\/www.reitverein-stadthagen.de\/wp-content\/uploads\/2014\/05\/Halle.png\"><img loading=\"lazy\" decoding=\"async\" class=\"alignnone  wp-image-865\" src=\"http:\/\/www.reitverein-stadthagen.de\/wp-content\/uploads\/2014\/05\/Halle-300x137.png\" alt=\"Halle\" width=\"337\" height=\"154\" srcset=\"https:\/\/www.reitverein-stadthagen.de\/wp-content\/uploads\/2014\/05\/Halle-300x137.png 300w, https:\/\/www.reitverein-stadthagen.de\/wp-content\/uploads\/2014\/05\/Halle.png 725w\" sizes=\"auto, (max-width: 337px) 100vw, 337px\" \/><\/a>&nbsp;<\/p>\n","protected":false},"excerpt":{"rendered":"<p>Wir bieten: \u25cf ger\u00e4umige Au\u00dfenboxen mit Fenster \u25cf Vollpension \u25cf t\u00e4glich zwei Raufuttermahlzeiten (Heu) \u25cf t\u00e4glich zwei Kraftfuttergaben (Hafer und\/oder M\u00fcsli) \u25cf an Werktagen wird gemistet und eingestreut, am Wochenende nur eingestreut \u25cf Reithalle (20 m x 40 m) direkt an den Stallungen \u25cf Waschbox und Au\u00dfenwaschplatz \u25cf gro\u00dfz\u00fcgiges Reitgel\u00e4nde mit Dressur- und Springplatz \u25cf [&hellip;]<\/p>\n","protected":false},"author":3,"featured_media":2495,"parent":0,"menu_order":3,"comment_status":"closed","ping_status":"closed","template":"","meta":{"ngg_post_thumbnail":0,"footnotes":""},"class_list":["post-851","page","type-page","status-publish","has-post-thumbnail","hentry"],"_links":{"self":[{"href":"https:\/\/www.reitverein-stadthagen.de\/index.php?rest_route=\/wp\/v2\/pages\/851","targetHints":{"allow":["GET"]}}],"collection":[{"href":"https:\/\/www.reitverein-stadthagen.de\/index.php?rest_route=\/wp\/v2\/pages"}],"about":[{"href":"https:\/\/www.reitverein-stadthagen.de\/index.php?rest_route=\/wp\/v2\/types\/page"}],"author":[{"embeddable":true,"href":"https:\/\/www.reitverein-stadthagen.de\/index.php?rest_route=\/wp\/v2\/users\/3"}],"replies":[{"embeddable":true,"href":"https:\/\/www.reitverein-stadthagen.de\/index.php?rest_route=%2Fwp%2Fv2%2Fcomments&post=851"}],"version-history":[{"count":13,"href":"https:\/\/www.reitverein-stadthagen.de\/index.php?rest_route=\/wp\/v2\/pages\/851\/revisions"}],"predecessor-version":[{"id":2475,"href":"https:\/\/www.reitverein-stadthagen.de\/index.php?rest_route=\/wp\/v2\/pages\/851\/revisions\/2475"}],"wp:featuredmedia":[{"embeddable":true,"href":"https:\/\/www.reitverein-stadthagen.de\/index.php?rest_route=\/wp\/v2\/media\/2495"}],"wp:attachment":[{"href":"https:\/\/www.reitverein-stadthagen.de\/index.php?rest_route=%2Fwp%2Fv2%2Fmedia&parent=851"}],"curies":[{"name":"wp","href":"https:\/\/api.w.org\/{rel}","templated":true}]}}